{"id":99,"date":"2021-06-13T17:31:13","date_gmt":"2021-06-13T15:31:13","guid":{"rendered":"http:\/\/gamp-nancy.fr\/?page_id=99"},"modified":"2021-09-15T14:06:27","modified_gmt":"2021-09-15T12:06:27","slug":"groupe-investisseur","status":"publish","type":"page","link":"https:\/\/gamp-nancy.fr\/?page_id=99","title":{"rendered":"Groupe Investisseur"},"content":{"rendered":"\t\t<div data-elementor-type=\"wp-page\" data-elementor-id=\"99\" class=\"elementor elementor-99\">\n\t\t\t\t\t\t<section class=\"elementor-section elementor-top-section elementor-element elementor-element-3e62205d elementor-section-full_width elementor-section-content-middle elementor-section-height-default elementor-section-height-default\" data-id=\"3e62205d\" data-element_type=\"section\" data-settings=\"{&quot;background_background&quot;:&quot;classic&quot;}\">\n\t\t\t\t\t\t\t<div class=\"elementor-background-overlay\"><\/div>\n\t\t\t\t\t\t\t<div class=\"elementor-container elementor-column-gap-narrow\">\n\t\t\t\t\t<div class=\"elementor-column elementor-col-33 elementor-top-column elementor-element elementor-element-ae7366a elementor-hidden-tablet elementor-hidden-mobile\" data-id=\"ae7366a\" data-element_type=\"column\" data-settings=\"{&quot;background_background&quot;:&quot;classic&quot;}\">\n\t\t\t<div class=\"elementor-widget-wrap elementor-element-populated\">\n\t\t\t\t\t<div class=\"elementor-background-overlay\"><\/div>\n\t\t\t\t\t\t<div class=\"elementor-element elementor-element-32fc3694 elementor-widget elementor-widget-image\" data-id=\"32fc3694\" data-element_type=\"widget\" data-widget_type=\"image.default\">\n\t\t\t\t<div class=\"elementor-widget-container\">\n\t\t\t\t\t\t\t\t\t\t\t\t\t<img fetchpriority=\"high\" width=\"1745\" height=\"689\" src=\"https:\/\/gamp-nancy.fr\/wp-content\/uploads\/2021\/06\/Logo_Gamp1.png\" class=\"attachment-full size-full wp-image-92\" alt=\"\" srcset=\"https:\/\/gamp-nancy.fr\/wp-content\/uploads\/2021\/06\/Logo_Gamp1.png 1745w, https:\/\/gamp-nancy.fr\/wp-content\/uploads\/2021\/06\/Logo_Gamp1-300x118.png 300w, https:\/\/gamp-nancy.fr\/wp-content\/uploads\/2021\/06\/Logo_Gamp1-1024x404.png 1024w, https:\/\/gamp-nancy.fr\/wp-content\/uploads\/2021\/06\/Logo_Gamp1-768x303.png 768w, https:\/\/gamp-nancy.fr\/wp-content\/uploads\/2021\/06\/Logo_Gamp1-1536x606.png 1536w, https:\/\/gamp-nancy.fr\/wp-content\/uploads\/2021\/06\/Logo_Gamp1-1568x619.png 1568w\" sizes=\"(max-width: 1745px) 100vw, 1745px\" \/>\t\t\t\t\t\t\t\t\t\t\t\t\t<\/div>\n\t\t\t\t<\/div>\n\t\t\t\t\t<\/div>\n\t\t<\/div>\n\t\t\t\t<div class=\"elementor-column elementor-col-33 elementor-top-column elementor-element elementor-element-2a05d1ed\" data-id=\"2a05d1ed\" data-element_type=\"column\">\n\t\t\t<div class=\"elementor-widget-wrap elementor-element-populated\">\n\t\t\t\t\t\t<div class=\"elementor-element elementor-element-36b8beca elementor-widget-tablet__width-auto elementor-widget elementor-widget-ekit-nav-menu\" data-id=\"36b8beca\" data-element_type=\"widget\" data-widget_type=\"ekit-nav-menu.default\">\n\t\t\t\t<div class=\"elementor-widget-container\">\n\t\t\t<div class=\"ekit-wid-con ekit_menu_responsive_tablet\" data-hamburger-icon=\"icon icon-menu-button-of-three-horizontal-lines\" data-hamburger-icon-type=\"icon\" data-responsive-breakpoint=\"1024\">            <button class=\"elementskit-menu-hamburger elementskit-menu-toggler\">\n                <i aria-hidden=\"true\" class=\"ekit-menu-icon icon icon-menu-button-of-three-horizontal-lines\"><\/i>            <\/button>\n            <div id=\"ekit-megamenu-menu-principal\" class=\"elementskit-menu-container elementskit-menu-offcanvas-elements elementskit-navbar-nav-default elementskit_fill_arrow ekit-nav-menu-one-page-no ekit-nav-dropdown-hover\"><ul id=\"menu-menu-principal\" class=\"elementskit-navbar-nav elementskit-menu-po-left submenu-click-on-icon\"><li id=\"menu-item-683\" class=\"menu-item menu-item-type-post_type menu-item-object-page menu-item-home menu-item-683 nav-item elementskit-mobile-builder-content\" data-vertical-menu=750px><a href=\"https:\/\/gamp-nancy.fr\/\" class=\"ekit-menu-nav-link\">Accueil<\/a><\/li>\n<li id=\"menu-item-1251\" class=\"menu-item menu-item-type-custom menu-item-object-custom menu-item-has-children menu-item-1251 nav-item elementskit-dropdown-has relative_position elementskit-dropdown-menu-default_width elementskit-mobile-builder-content\" data-vertical-menu=750px><a class=\"ekit-menu-nav-link ekit-menu-dropdown-toggle\">Nos Filiales<i class=\"icon icon-down-arrow1 elementskit-submenu-indicator\"><\/i><\/a>\n<ul class=\"elementskit-dropdown elementskit-submenu-panel\">\n\t<li id=\"menu-item-1282\" class=\"menu-item menu-item-type-post_type menu-item-object-page menu-item-1282 nav-item elementskit-mobile-builder-content\" data-vertical-menu=750px><a href=\"https:\/\/gamp-nancy.fr\/?page_id=792\" class=\" dropdown-item\">ABE<\/a>\t<li id=\"menu-item-1252\" class=\"menu-item menu-item-type-custom menu-item-object-custom menu-item-1252 nav-item elementskit-mobile-builder-content\" data-vertical-menu=750px><a href=\"http:\/\/gamp-nancy.fr\/?page_id=1708\" class=\" dropdown-item\">E-GAMP<\/a>\t<li id=\"menu-item-1253\" class=\"menu-item menu-item-type-custom menu-item-object-custom menu-item-1253 nav-item elementskit-mobile-builder-content\" data-vertical-menu=750px><a href=\"http:\/\/gamp-nancy.fr\/?page_id=1708\" class=\" dropdown-item\">GAMP R\u00e9novation<\/a>\t<li id=\"menu-item-1254\" class=\"menu-item menu-item-type-custom menu-item-object-custom menu-item-1254 nav-item elementskit-mobile-builder-content\" data-vertical-menu=750px><a href=\"http:\/\/gamp-nancy.fr\/?page_id=1708\" class=\" dropdown-item\">IMMODEP<\/a>\t<li id=\"menu-item-1255\" class=\"menu-item menu-item-type-custom menu-item-object-custom menu-item-1255 nav-item elementskit-mobile-builder-content\" data-vertical-menu=750px><a href=\"http:\/\/gamp-nancy.fr\/?page_id=1708\" class=\" dropdown-item\">Bureau de Ma\u00eetrise<\/a><\/ul>\n<\/li>\n<li id=\"menu-item-2004\" class=\"menu-item menu-item-type-post_type menu-item-object-page menu-item-2004 nav-item elementskit-mobile-builder-content\" data-vertical-menu=750px><a href=\"https:\/\/gamp-nancy.fr\/?page_id=1999\" class=\"ekit-menu-nav-link\">R\u00e9alisations<\/a><\/li>\n<li id=\"menu-item-2006\" class=\"menu-item menu-item-type-post_type menu-item-object-page menu-item-2006 nav-item elementskit-mobile-builder-content\" data-vertical-menu=750px><a href=\"https:\/\/gamp-nancy.fr\/?page_id=1994\" class=\"ekit-menu-nav-link\">Tarifs<\/a><\/li>\n<li id=\"menu-item-646\" class=\"menu-item menu-item-type-post_type menu-item-object-page menu-item-646 nav-item elementskit-mobile-builder-content\" data-vertical-menu=750px><a href=\"https:\/\/gamp-nancy.fr\/?page_id=99\" class=\"ekit-menu-nav-link\">Groupe Investisseur<\/a><\/li>\n<li id=\"menu-item-647\" class=\"menu-item menu-item-type-post_type menu-item-object-page menu-item-647 nav-item elementskit-mobile-builder-content\" data-vertical-menu=750px><a href=\"https:\/\/gamp-nancy.fr\/?page_id=7\" class=\"ekit-menu-nav-link\">Nous Contacter<\/a><\/li>\n<\/ul>\n\t\t\t\t<div class=\"elementskit-nav-identity-panel\">\n\t\t\t\t\t<div class=\"elementskit-site-title\">\n\t\t\t\t\t\t<a class=\"elementskit-nav-logo\" href=\"https:\/\/gamp-nancy.fr\" target=\"_self\" rel=\"\">\n                            <img src=\"\" title=\"\" alt=\"\" \/>\n\t\t\t\t\t\t<\/a> \n\t\t\t\t\t<\/div>\n\t\t\t\t\t<button class=\"elementskit-menu-close elementskit-menu-toggler\" type=\"button\">X<\/button>\n\t\t\t\t<\/div>\n\t\t\t<\/div><div class=\"elementskit-menu-overlay elementskit-menu-offcanvas-elements elementskit-menu-toggler ekit-nav-menu--overlay\"><\/div><\/div>\t\t<\/div>\n\t\t\t\t<\/div>\n\t\t\t\t\t<\/div>\n\t\t<\/div>\n\t\t\t\t<div class=\"elementor-column elementor-col-33 elementor-top-column elementor-element elementor-element-4dae0ed9\" data-id=\"4dae0ed9\" data-element_type=\"column\">\n\t\t\t<div class=\"elementor-widget-wrap elementor-element-populated\">\n\t\t\t\t\t\t<div class=\"elementor-element elementor-element-1b414977 elementor-align-justify elementor-tablet-align-right elementor-mobile-align-justify elementor-widget elementor-widget-button\" data-id=\"1b414977\" data-element_type=\"widget\" data-widget_type=\"button.default\">\n\t\t\t\t<div class=\"elementor-widget-container\">\n\t\t\t\t\t<div class=\"elementor-button-wrapper\">\n\t\t\t<a class=\"elementor-button elementor-button-link elementor-size-sm\" href=\"http:\/\/gamp-nancy.fr\/?page_id=7\">\n\t\t\t\t\t\t<span class=\"elementor-button-content-wrapper\">\n\t\t\t\t\t\t<span class=\"elementor-button-icon\">\n\t\t\t\t<i aria-hidden=\"true\" class=\"fas fa-user-check\"><\/i>\t\t\t<\/span>\n\t\t\t\t\t\t\t\t\t<span class=\"elementor-button-text\">S'identifier<\/span>\n\t\t\t\t\t<\/span>\n\t\t\t\t\t<\/a>\n\t\t<\/div>\n\t\t\t\t<\/div>\n\t\t\t\t<\/div>\n\t\t\t\t\t<\/div>\n\t\t<\/div>\n\t\t\t\t\t<\/div>\n\t\t<\/section>\n\t\t\t\t<section class=\"elementor-section elementor-top-section elementor-element elementor-element-3f5602f elementor-section-boxed elementor-section-height-default elementor-section-height-default\" data-id=\"3f5602f\" data-element_type=\"section\" data-settings=\"{&quot;background_background&quot;:&quot;classic&quot;}\">\n\t\t\t\t\t\t<div class=\"elementor-container elementor-column-gap-default\">\n\t\t\t\t\t<div class=\"elementor-column elementor-col-33 elementor-top-column elementor-element elementor-element-6fa25c9b\" data-id=\"6fa25c9b\" data-element_type=\"column\">\n\t\t\t<div class=\"elementor-widget-wrap\">\n\t\t\t\t\t\t\t<\/div>\n\t\t<\/div>\n\t\t\t\t<div class=\"elementor-column elementor-col-33 elementor-top-column elementor-element elementor-element-468b5bc9\" data-id=\"468b5bc9\" data-element_type=\"column\">\n\t\t\t<div class=\"elementor-widget-wrap elementor-element-populated\">\n\t\t\t\t\t\t<div class=\"elementor-element elementor-element-7bea0e3b elementor-widget elementor-widget-image\" data-id=\"7bea0e3b\" data-element_type=\"widget\" data-widget_type=\"image.default\">\n\t\t\t\t<div class=\"elementor-widget-container\">\n\t\t\t\t\t\t\t\t\t\t\t\t\t<img width=\"380\" height=\"36\" src=\"https:\/\/gamp-nancy.fr\/wp-content\/uploads\/2021\/06\/Logo_colorboxes.png\" class=\"attachment-large size-large wp-image-309\" alt=\"\" srcset=\"https:\/\/gamp-nancy.fr\/wp-content\/uploads\/2021\/06\/Logo_colorboxes.png 380w, https:\/\/gamp-nancy.fr\/wp-content\/uploads\/2021\/06\/Logo_colorboxes-300x28.png 300w\" sizes=\"(max-width: 380px) 100vw, 380px\" \/>\t\t\t\t\t\t\t\t\t\t\t\t\t<\/div>\n\t\t\t\t<\/div>\n\t\t\t\t<div class=\"elementor-element elementor-element-3ce0bf00 elementor-widget elementor-widget-heading\" data-id=\"3ce0bf00\" data-element_type=\"widget\" data-widget_type=\"heading.default\">\n\t\t\t\t<div class=\"elementor-widget-container\">\n\t\t\t<h2 class=\"elementor-heading-title elementor-size-default\">Groupe Investisseur<\/h2>\t\t<\/div>\n\t\t\t\t<\/div>\n\t\t\t\t\t<\/div>\n\t\t<\/div>\n\t\t\t\t<div class=\"elementor-column elementor-col-33 elementor-top-column elementor-element elementor-element-76558145\" data-id=\"76558145\" data-element_type=\"column\">\n\t\t\t<div class=\"elementor-widget-wrap\">\n\t\t\t\t\t\t\t<\/div>\n\t\t<\/div>\n\t\t\t\t\t<\/div>\n\t\t<\/section>\n\t\t\t\t<section class=\"elementor-section elementor-top-section elementor-element elementor-element-2905fe3a elementor-section-full_width elementor-section-content-middle elementor-section-height-default elementor-section-height-default\" data-id=\"2905fe3a\" data-element_type=\"section\" data-settings=\"{&quot;background_background&quot;:&quot;classic&quot;}\">\n\t\t\t\t\t\t<div class=\"elementor-container elementor-column-gap-default\">\n\t\t\t\t\t<div class=\"elementor-column elementor-col-33 elementor-top-column elementor-element elementor-element-eef9456\" data-id=\"eef9456\" data-element_type=\"column\">\n\t\t\t<div class=\"elementor-widget-wrap elementor-element-populated\">\n\t\t\t\t\t\t<div class=\"elementor-element elementor-element-29eef5bf elementor-widget elementor-widget-copyright\" data-id=\"29eef5bf\" data-element_type=\"widget\" data-settings=\"{&quot;align_mobile&quot;:&quot;center&quot;}\" data-widget_type=\"copyright.default\">\n\t\t\t\t<div class=\"elementor-widget-container\">\n\t\t\t\t\t<div class=\"hfe-copyright-wrapper\">\n\t\t\t\t\t\t\t<span>Copyright \u00a9 2026 Gamp | Powered by Gamp<\/span>\n\t\t\t\t\t<\/div>\n\t\t\t\t<\/div>\n\t\t\t\t<\/div>\n\t\t\t\t\t<\/div>\n\t\t<\/div>\n\t\t\t\t<div class=\"elementor-column elementor-col-33 elementor-top-column elementor-element elementor-element-1cdec8a7\" data-id=\"1cdec8a7\" data-element_type=\"column\">\n\t\t\t<div class=\"elementor-widget-wrap elementor-element-populated\">\n\t\t\t\t\t\t<div class=\"elementor-element elementor-element-5b359819 elementor-widget elementor-widget-copyright\" data-id=\"5b359819\" data-element_type=\"widget\" data-settings=\"{&quot;align&quot;:&quot;right&quot;,&quot;align_mobile&quot;:&quot;center&quot;}\" data-widget_type=\"copyright.default\">\n\t\t\t\t<div class=\"elementor-widget-container\">\n\t\t\t\t\t<div class=\"hfe-copyright-wrapper\">\n\t\t\t\t\t\t\t<span>Retrouvez-nous sur<\/span>\n\t\t\t\t\t<\/div>\n\t\t\t\t<\/div>\n\t\t\t\t<\/div>\n\t\t\t\t\t<\/div>\n\t\t<\/div>\n\t\t\t\t<div class=\"elementor-column elementor-col-33 elementor-top-column elementor-element elementor-element-198113c7\" data-id=\"198113c7\" data-element_type=\"column\">\n\t\t\t<div class=\"elementor-widget-wrap elementor-element-populated\">\n\t\t\t\t\t\t<div class=\"elementor-element elementor-element-7b665efa elementor-widget elementor-widget-elementskit-social-media\" data-id=\"7b665efa\" data-element_type=\"widget\" data-widget_type=\"elementskit-social-media.default\">\n\t\t\t\t<div class=\"elementor-widget-container\">\n\t\t\t<div class=\"ekit-wid-con\" >\t\t\t <ul class=\"ekit_social_media\">\n\t\t\t\t\t\t\t\t\t\t\t\t\t\t<li class=\"elementor-repeater-item-6340469\">\n\t\t\t\t\t    <a\n\t\t\t\t\t\thref=\"https:\/\/facebook.com\" class=\"facebook\" >\n\t\t\t\t\t\t\t\t\t\t\t\t\t\t\n\t\t\t\t\t\t\t<i aria-hidden=\"true\" class=\"icon icon-facebook\"><\/i>\t\t\t\t\t\t\t\t\t\n                                                                                                            <\/a>\n                    <\/li>\n                    \t\t\t\t\t\t\t\t\t\t\t\t\t\t<li class=\"elementor-repeater-item-8488d7a\">\n\t\t\t\t\t    <a\n\t\t\t\t\t\thref=\"https:\/\/facebook.com\" class=\"twitter\" >\n\t\t\t\t\t\t\t\t\t\t\t\t\t\t\n\t\t\t\t\t\t\t<i aria-hidden=\"true\" class=\"icon icon-twitter\"><\/i>\t\t\t\t\t\t\t\t\t\n                                                                                                            <\/a>\n                    <\/li>\n                    \t\t\t\t\t\t\t\t\t\t\t\t\t\t<li class=\"elementor-repeater-item-a319de8\">\n\t\t\t\t\t    <a\n\t\t\t\t\t\thref=\"https:\/\/facebook.com\" class=\"linkedin\" >\n\t\t\t\t\t\t\t\t\t\t\t\t\t\t\n\t\t\t\t\t\t\t<i aria-hidden=\"true\" class=\"icon icon-linkedin\"><\/i>\t\t\t\t\t\t\t\t\t\n                                                                                                            <\/a>\n                    <\/li>\n                    \t\t\t\t\t\t\t\t\t\t\t\t\t\t<li class=\"elementor-repeater-item-eeec5b9\">\n\t\t\t\t\t    <a\n\t\t\t\t\t\thref=\"https:\/\/facebook.com\" class=\"1\" >\n\t\t\t\t\t\t\t\t\t\t\t\t\t\t\n\t\t\t\t\t\t\t<i aria-hidden=\"true\" class=\"icon icon-snapchat-1\"><\/i>\t\t\t\t\t\t\t\t\t\n                                                                                                            <\/a>\n                    <\/li>\n                    \t\t\t\t\t\t\t\t\t\t\t\t\t\t<li class=\"elementor-repeater-item-cfb1e30\">\n\t\t\t\t\t    <a\n\t\t\t\t\t\thref=\"https:\/\/facebook.com\" class=\"1\" >\n\t\t\t\t\t\t\t\t\t\t\t\t\t\t\n\t\t\t\t\t\t\t<i aria-hidden=\"true\" class=\"icon icon-instagram-1\"><\/i>\t\t\t\t\t\t\t\t\t\n                                                                                                            <\/a>\n                    <\/li>\n                    \t\t\t\t\t\t\t<\/ul>\n\t\t<\/div>\t\t<\/div>\n\t\t\t\t<\/div>\n\t\t\t\t\t<\/div>\n\t\t<\/div>\n\t\t\t\t\t<\/div>\n\t\t<\/section>\n\t\t\t\t<\/div>\n\t\t","protected":false},"excerpt":{"rendered":"<p>Accueil Nos Filiales ABE E-GAMP GAMP R\u00e9novation IMMODEP Bureau de Ma\u00eetrise Nos R\u00e9alisations Groupe Investisseur Nous Contacter X S&#8217;identifier Groupe Investisseur Copyright \u00a9 | Powered by Retrouvez-nous sur<\/p>\n","protected":false},"author":2,"featured_media":0,"parent":0,"menu_order":0,"comment_status":"closed","ping_status":"closed","template":"elementor_canvas","meta":{"om_disable_all_campaigns":false,"_monsterinsights_skip_tracking":false,"_monsterinsights_sitenote_active":false,"_monsterinsights_sitenote_note":"","_monsterinsights_sitenote_category":0},"_links":{"self":[{"href":"https:\/\/gamp-nancy.fr\/index.php?rest_route=\/wp\/v2\/pages\/99"}],"collection":[{"href":"https:\/\/gamp-nancy.fr\/index.php?rest_route=\/wp\/v2\/pages"}],"about":[{"href":"https:\/\/gamp-nancy.fr\/index.php?rest_route=\/wp\/v2\/types\/page"}],"author":[{"embeddable":true,"href":"https:\/\/gamp-nancy.fr\/index.php?rest_route=\/wp\/v2\/users\/2"}],"replies":[{"embeddable":true,"href":"https:\/\/gamp-nancy.fr\/index.php?rest_route=%2Fwp%2Fv2%2Fcomments&post=99"}],"version-history":[{"count":72,"href":"https:\/\/gamp-nancy.fr\/index.php?rest_route=\/wp\/v2\/pages\/99\/revisions"}],"predecessor-version":[{"id":1748,"href":"https:\/\/gamp-nancy.fr\/index.php?rest_route=\/wp\/v2\/pages\/99\/revisions\/1748"}],"wp:attachment":[{"href":"https:\/\/gamp-nancy.fr\/index.php?rest_route=%2Fwp%2Fv2%2Fmedia&parent=99"}],"curies":[{"name":"wp","href":"https:\/\/api.w.org\/{rel}","templated":true}]}}